{"id":1652,"date":"2021-08-10T19:39:08","date_gmt":"2021-08-10T17:39:08","guid":{"rendered":"https:\/\/monitacanarias.es\/?page_id=1652"},"modified":"2021-08-10T19:39:08","modified_gmt":"2021-08-10T17:39:08","slug":"legal-notice","status":"publish","type":"page","link":"https:\/\/monitacanarias.es\/en\/legal-notice\/","title":{"rendered":"Legal Notice"},"content":{"rendered":"<p>The owner of this website is MO\u00d1ITA CANARIAS , with N.I.F. B76798354, with address at Pol\u00edgono industrial de G\u00fcimar, Parcela 29, Arafo, 38550, Santa Cruz de Tenerife.<\/p>\n<p>Access to the MO\u00d1ITA CANARIAS Site is free of charge. All content is the intellectual property of MO\u00d1ITA CANARIAS. Any use of the same contrary to the rules on intellectual property will be prosecuted under current legislation.<\/p>\n","protected":false},"excerpt":{"rendered":"<p>The owner of this website is MO\u00d1ITA CANARIAS , with N.I.F. B76798354, with address at Pol\u00edgono industrial de G\u00fcimar, Parcela 29, Arafo, 38550, Santa Cruz de Tenerife. Access to the MO\u00d1ITA CANARIAS Site is free of charge. All content is the intellectual property of MO\u00d1ITA CANARIAS. Any use of the same contrary to the rules [&hellip;]<\/p>\n","protected":false},"author":5,"featured_media":0,"parent":0,"menu_order":0,"comment_status":"closed","ping_status":"closed","template":"","meta":{"_acf_changed":false,"footnotes":""},"class_list":["post-1652","page","type-page","status-publish","hentry"],"acf":{"photo_gallery":{"galeria_internas":[[]],"imagenes_slide":[[],[]]}},"yoast_head":"<!-- This site is optimized with the Yoast SEO plugin v27.0 - https:\/\/yoast.com\/product\/yoast-seo-wordpress\/ -->\n<title>Legal Notice | Mo\u00f1ita Canarias<\/title>\n<meta name=\"description\" content=\"Legal Notice \u27a4 The owner of this website is MO\u00d1ITA CANARIAS , with N.I.F. B76798354, with address at Pol\u00edgono industrial de G\u00fcimar, Parcela 29, Arafo, 38550, Santa Cruz\" \/>\n<meta name=\"robots\" content=\"noindex, follow\" \/>\n<meta property=\"og:locale\" content=\"en_US\" \/>\n<meta property=\"og:type\" content=\"article\" \/>\n<meta property=\"og:title\" content=\"Legal Notice | Mo\u00f1ita Canarias\" \/>\n<meta property=\"og:description\" content=\"Legal Notice \u27a4 The owner of this website is MO\u00d1ITA CANARIAS , with N.I.F. B76798354, with address at Pol\u00edgono industrial de G\u00fcimar, Parcela 29, Arafo, 38550, Santa Cruz\" \/>\n<meta property=\"og:url\" content=\"https:\/\/monitacanarias.es\/en\/legal-notice\/\" \/>\n<meta property=\"og:site_name\" content=\"Mo\u00f1ita Canarias\" \/>\n<meta name=\"twitter:card\" content=\"summary_large_image\" \/>\n<meta name=\"twitter:label1\" content=\"Est. reading time\" \/>\n\t<meta name=\"twitter:data1\" content=\"1 minute\" \/>\n<script type=\"application\/ld+json\" class=\"yoast-schema-graph\">{\"@context\":\"https:\/\/schema.org\",\"@graph\":[{\"@type\":\"WebPage\",\"@id\":\"https:\/\/monitacanarias.es\/en\/legal-notice\/\",\"url\":\"https:\/\/monitacanarias.es\/en\/legal-notice\/\",\"name\":\"Legal Notice | Mo\u00f1ita Canarias\",\"isPartOf\":{\"@id\":\"https:\/\/monitacanarias.es\/en\/#website\"},\"datePublished\":\"2021-08-10T17:39:08+00:00\",\"description\":\"Legal Notice \u27a4 The owner of this website is MO\u00d1ITA CANARIAS , with N.I.F. B76798354, with address at Pol\u00edgono industrial de G\u00fcimar, Parcela 29, Arafo, 38550, Santa Cruz\",\"breadcrumb\":{\"@id\":\"https:\/\/monitacanarias.es\/en\/legal-notice\/#breadcrumb\"},\"inLanguage\":\"en-US\",\"potentialAction\":[{\"@type\":\"ReadAction\",\"target\":[\"https:\/\/monitacanarias.es\/en\/legal-notice\/\"]}]},{\"@type\":\"BreadcrumbList\",\"@id\":\"https:\/\/monitacanarias.es\/en\/legal-notice\/#breadcrumb\",\"itemListElement\":[{\"@type\":\"ListItem\",\"position\":1,\"name\":\"Home\",\"item\":\"https:\/\/monitacanarias.es\/en\/\"},{\"@type\":\"ListItem\",\"position\":2,\"name\":\"Legal Notice\"}]},{\"@type\":\"WebSite\",\"@id\":\"https:\/\/monitacanarias.es\/en\/#website\",\"url\":\"https:\/\/monitacanarias.es\/en\/\",\"name\":\"Mo\u00f1ita Canarias\",\"description\":\"Sitio Mo\u00f1ita Canarias\",\"potentialAction\":[{\"@type\":\"SearchAction\",\"target\":{\"@type\":\"EntryPoint\",\"urlTemplate\":\"https:\/\/monitacanarias.es\/en\/?s={search_term_string}\"},\"query-input\":{\"@type\":\"PropertyValueSpecification\",\"valueRequired\":true,\"valueName\":\"search_term_string\"}}],\"inLanguage\":\"en-US\"}]}<\/script>\n<!-- \/ Yoast SEO plugin. -->","yoast_head_json":{"title":"Legal Notice | Mo\u00f1ita Canarias","description":"Legal Notice \u27a4 The owner of this website is MO\u00d1ITA CANARIAS , with N.I.F. B76798354, with address at Pol\u00edgono industrial de G\u00fcimar, Parcela 29, Arafo, 38550, Santa Cruz","robots":{"index":"noindex","follow":"follow"},"og_locale":"en_US","og_type":"article","og_title":"Legal Notice | Mo\u00f1ita Canarias","og_description":"Legal Notice \u27a4 The owner of this website is MO\u00d1ITA CANARIAS , with N.I.F. B76798354, with address at Pol\u00edgono industrial de G\u00fcimar, Parcela 29, Arafo, 38550, Santa Cruz","og_url":"https:\/\/monitacanarias.es\/en\/legal-notice\/","og_site_name":"Mo\u00f1ita Canarias","twitter_card":"summary_large_image","twitter_misc":{"Est. reading time":"1 minute"},"schema":{"@context":"https:\/\/schema.org","@graph":[{"@type":"WebPage","@id":"https:\/\/monitacanarias.es\/en\/legal-notice\/","url":"https:\/\/monitacanarias.es\/en\/legal-notice\/","name":"Legal Notice | Mo\u00f1ita Canarias","isPartOf":{"@id":"https:\/\/monitacanarias.es\/en\/#website"},"datePublished":"2021-08-10T17:39:08+00:00","description":"Legal Notice \u27a4 The owner of this website is MO\u00d1ITA CANARIAS , with N.I.F. B76798354, with address at Pol\u00edgono industrial de G\u00fcimar, Parcela 29, Arafo, 38550, Santa Cruz","breadcrumb":{"@id":"https:\/\/monitacanarias.es\/en\/legal-notice\/#breadcrumb"},"inLanguage":"en-US","potentialAction":[{"@type":"ReadAction","target":["https:\/\/monitacanarias.es\/en\/legal-notice\/"]}]},{"@type":"BreadcrumbList","@id":"https:\/\/monitacanarias.es\/en\/legal-notice\/#breadcrumb","itemListElement":[{"@type":"ListItem","position":1,"name":"Home","item":"https:\/\/monitacanarias.es\/en\/"},{"@type":"ListItem","position":2,"name":"Legal Notice"}]},{"@type":"WebSite","@id":"https:\/\/monitacanarias.es\/en\/#website","url":"https:\/\/monitacanarias.es\/en\/","name":"Mo\u00f1ita Canarias","description":"Sitio Mo\u00f1ita Canarias","potentialAction":[{"@type":"SearchAction","target":{"@type":"EntryPoint","urlTemplate":"https:\/\/monitacanarias.es\/en\/?s={search_term_string}"},"query-input":{"@type":"PropertyValueSpecification","valueRequired":true,"valueName":"search_term_string"}}],"inLanguage":"en-US"}]}},"_links":{"self":[{"href":"https:\/\/monitacanarias.es\/en\/wp-json\/wp\/v2\/pages\/1652","targetHints":{"allow":["GET"]}}],"collection":[{"href":"https:\/\/monitacanarias.es\/en\/wp-json\/wp\/v2\/pages"}],"about":[{"href":"https:\/\/monitacanarias.es\/en\/wp-json\/wp\/v2\/types\/page"}],"author":[{"embeddable":true,"href":"https:\/\/monitacanarias.es\/en\/wp-json\/wp\/v2\/users\/5"}],"replies":[{"embeddable":true,"href":"https:\/\/monitacanarias.es\/en\/wp-json\/wp\/v2\/comments?post=1652"}],"version-history":[{"count":1,"href":"https:\/\/monitacanarias.es\/en\/wp-json\/wp\/v2\/pages\/1652\/revisions"}],"predecessor-version":[{"id":1653,"href":"https:\/\/monitacanarias.es\/en\/wp-json\/wp\/v2\/pages\/1652\/revisions\/1653"}],"wp:attachment":[{"href":"https:\/\/monitacanarias.es\/en\/wp-json\/wp\/v2\/media?parent=1652"}],"curies":[{"name":"wp","href":"https:\/\/api.w.org\/{rel}","templated":true}]}}